{"id":51,"date":"2026-04-11T06:59:55","date_gmt":"2026-04-11T06:59:55","guid":{"rendered":"https:\/\/dev.pracownia-przygod.pl\/?page_id=51"},"modified":"2026-04-12T09:26:43","modified_gmt":"2026-04-12T09:26:43","slug":"case-studies","status":"publish","type":"page","link":"https:\/\/dev.pracownia-przygod.pl\/?page_id=51","title":{"rendered":"Case studies"},"content":{"rendered":"\t\t<div data-elementor-type=\"wp-page\" data-elementor-id=\"51\" class=\"elementor elementor-51\">\n\t\t\t\t<div class=\"elementor-element elementor-element-19d564b e-flex e-con-boxed e-con e-parent\" data-id=\"19d564b\" data-element_type=\"container\" data-e-type=\"container\" data-settings=\"{&quot;background_background&quot;:&quot;classic&quot;}\">\n\t\t\t\t\t<div class=\"e-con-inner\">\n\t\t\t\t<div class=\"elementor-element elementor-element-3c11f7b elementor-widget elementor-widget-heading\" data-id=\"3c11f7b\" data-element_type=\"widget\" data-e-type=\"widget\" data-widget_type=\"heading.default\">\n\t\t\t\t\t<h2 class=\"elementor-heading-title elementor-size-default\">Case studies - scenariusze naszych wypraw<\/h2>\t\t\t\t<\/div>\n\t\t\t\t<div class=\"elementor-element elementor-element-28c9619 elementor-widget elementor-widget-button\" data-id=\"28c9619\" data-element_type=\"widget\" data-e-type=\"widget\" data-widget_type=\"button.default\">\n\t\t\t\t\t\t\t\t\t\t<a class=\"elementor-button elementor-button-link elementor-size-sm\" href=\"#\">\n\t\t\t\t\t\t<span class=\"elementor-button-content-wrapper\">\n\t\t\t\t\t\t\t\t\t<span class=\"elementor-button-text\">Zaprojektujmy wyjazd marze\u0144<\/span>\n\t\t\t\t\t<\/span>\n\t\t\t\t\t<\/a>\n\t\t\t\t\t\t\t\t<\/div>\n\t\t\t\t\t<\/div>\n\t\t\t\t<\/div>\n\t\t<div class=\"elementor-element elementor-element-e825825 e-flex e-con-boxed e-con e-parent\" data-id=\"e825825\" data-element_type=\"container\" data-e-type=\"container\" data-settings=\"{&quot;background_background&quot;:&quot;classic&quot;}\">\n\t\t\t\t\t<div class=\"e-con-inner\">\n\t\t\t\t<div class=\"elementor-element elementor-element-1172775 elementor-widget elementor-widget-shortcode\" data-id=\"1172775\" data-element_type=\"widget\" data-e-type=\"widget\" data-widget_type=\"shortcode.default\">\n\t\t\t\t\t\t\t<div class=\"elementor-shortcode\">    <section id=\"case-studies-grid-9200\" class=\"case-studies-grid\">\r\n        <div class=\"case-studies-grid__inner\">\r\n            <div class=\"case-studies-grid__list\" data-initial=\"9\">\r\n                                    <article class=\"case-studies-grid__item\">\r\n                        <a\r\n                            class=\"case-studies-grid__link\"\r\n                            href=\"https:\/\/dev.pracownia-przygod.pl\/?case_studies=swiatlo-tropikow-i-cisza-przed-switem\"\r\n                            aria-label=\"\u015awiat\u0142o tropik\u00f3w i cisza przed \u015bwitem\"\r\n                        >\r\n                                                            <img decoding=\"async\"\r\n                                    src=\"https:\/\/dev.pracownia-przygod.pl\/wp-content\/uploads\/2026\/04\/scenariusze-1.png\"\r\n                                    alt=\"\"\r\n                                    class=\"case-studies-grid__image\"\r\n                                    loading=\"lazy\"\r\n                                >\r\n                            \r\n                            <div class=\"case-studies-grid__overlay\"><\/div>\r\n\r\n                            <div class=\"case-studies-grid__content\">\r\n                                <h3>\u015awiat\u0142o tropik\u00f3w i cisza przed \u015bwitem<\/h3>\r\n                                <p>Prywatne ceremonie, zamkni\u0119te przestrzenie i do\u015bwiadczenia dost\u0119pne tylko dla zaproszonych.\u00a0<\/p>\r\n                            <\/div>\r\n                        <\/a>\r\n                    <\/article>\r\n                                    <article class=\"case-studies-grid__item\">\r\n                        <a\r\n                            class=\"case-studies-grid__link\"\r\n                            href=\"https:\/\/dev.pracownia-przygod.pl\/?case_studies=kamien-swiatynia-i-rytm-bebnow\"\r\n                            aria-label=\"Kamie\u0144, \u015bwi\u0105tynia i rytm b\u0119bn\u00f3w\"\r\n                        >\r\n                                                            <img decoding=\"async\"\r\n                                    src=\"https:\/\/dev.pracownia-przygod.pl\/wp-content\/uploads\/2026\/04\/scenariusze-2.png\"\r\n                                    alt=\"\"\r\n                                    class=\"case-studies-grid__image\"\r\n                                    loading=\"lazy\"\r\n                                >\r\n                            \r\n                            <div class=\"case-studies-grid__overlay\"><\/div>\r\n\r\n                            <div class=\"case-studies-grid__content\">\r\n                                <h3>Kamie\u0144, \u015bwi\u0105tynia i rytm b\u0119bn\u00f3w<\/h3>\r\n                                <p>Spotkanie z kultur\u0105 w wersji niedost\u0119pnej dla turyst\u00f3w.\u00a0<\/p>\r\n                            <\/div>\r\n                        <\/a>\r\n                    <\/article>\r\n                                    <article class=\"case-studies-grid__item\">\r\n                        <a\r\n                            class=\"case-studies-grid__link\"\r\n                            href=\"https:\/\/dev.pracownia-przygod.pl\/?case_studies=piasek-predkosc-i-kurz-za-kolami\"\r\n                            aria-label=\"Piasek, pr\u0119dko\u015b\u0107 i kurz za ko\u0142ami\u00a0\"\r\n                        >\r\n                                                            <img decoding=\"async\"\r\n                                    src=\"https:\/\/dev.pracownia-przygod.pl\/wp-content\/uploads\/2026\/04\/scenariusze-3.png\"\r\n                                    alt=\"\"\r\n                                    class=\"case-studies-grid__image\"\r\n                                    loading=\"lazy\"\r\n                                >\r\n                            \r\n                            <div class=\"case-studies-grid__overlay\"><\/div>\r\n\r\n                            <div class=\"case-studies-grid__content\">\r\n                                <h3>Piasek, pr\u0119dko\u015b\u0107 i kurz za ko\u0142ami\u00a0<\/h3>\r\n                                <p>Ekskluzywne trasy, zamkni\u0119te przestrzenie i fina\u0142, kt\u00f3ry na d\u0142ugo zostaje w pami\u0119ci zespo\u0142u.\u00a0<\/p>\r\n                            <\/div>\r\n                        <\/a>\r\n                    <\/article>\r\n                                    <article class=\"case-studies-grid__item\">\r\n                        <a\r\n                            class=\"case-studies-grid__link\"\r\n                            href=\"https:\/\/dev.pracownia-przygod.pl\/?case_studies=karuzela-4\"\r\n                            aria-label=\"Karuzela 4\"\r\n                        >\r\n                                                            <img decoding=\"async\"\r\n                                    src=\"https:\/\/dev.pracownia-przygod.pl\/wp-content\/uploads\/2026\/04\/scenariusze-3.png\"\r\n                                    alt=\"\"\r\n                                    class=\"case-studies-grid__image\"\r\n                                    loading=\"lazy\"\r\n                                >\r\n                            \r\n                            <div class=\"case-studies-grid__overlay\"><\/div>\r\n\r\n                            <div class=\"case-studies-grid__content\">\r\n                                <h3>Karuzela 4<\/h3>\r\n                                <p>Test test test test<\/p>\r\n                            <\/div>\r\n                        <\/a>\r\n                    <\/article>\r\n                            <\/div>\r\n\r\n                    <\/div>\r\n    <\/section>\r\n\r\n    <style>\r\n        #case-studies-grid-9200.case-studies-grid {\r\n            position: relative;\r\n            width: 100%;\r\n            color: #fff;\r\n            background: transparent;\r\n        }\r\n\r\n        #case-studies-grid-9200 .case-studies-grid__inner {\r\n            width: 100%;\r\n        }\r\n\r\n        #case-studies-grid-9200 .case-studies-grid__list {\r\n            display: grid;\r\n            grid-template-columns: repeat(3, minmax(0, 1fr));\r\n            gap: 18px;\r\n        }\r\n\r\n        #case-studies-grid-9200 .case-studies-grid__item {\r\n            position: relative;\r\n        }\r\n\r\n        #case-studies-grid-9200 .case-studies-grid__item.is-hidden {\r\n            display: none;\r\n        }\r\n\r\n        #case-studies-grid-9200 .case-studies-grid__link {\r\n            position: relative;\r\n            display: block;\r\n            height: clamp(520px, 55vw, 960px);\r\n            overflow: hidden;\r\n            background: #111;\r\n            text-decoration: none;\r\n            color: inherit;\r\n        }\r\n\r\n        #case-studies-grid-9200 .case-studies-grid__image {\r\n            width: 100%;\r\n            height: 100%;\r\n            object-fit: cover;\r\n            object-position: center top;\r\n            display: block;\r\n            transition: transform 0.45s ease;\r\n        }\r\n\r\n        #case-studies-grid-9200 .case-studies-grid__overlay {\r\n            position: absolute;\r\n            inset: 0;\r\n            background: linear-gradient(\r\n                to top,\r\n                rgba(0,0,0,0.78) 0%,\r\n                rgba(0,0,0,0.36) 34%,\r\n                rgba(0,0,0,0.06) 65%\r\n            );\r\n            z-index: 1;\r\n            pointer-events: none;\r\n        }\r\n\r\n        #case-studies-grid-9200 .case-studies-grid__content {\r\n            position: absolute;\r\n            left: 24px;\r\n            right: 24px;\r\n            bottom: 24px;\r\n            z-index: 2;\r\n            min-height: 200px;\r\n            display: flex;\r\n            flex-direction: column;\r\n            justify-content: flex-start;\r\n        }\r\n\r\n        #case-studies-grid-9200 .case-studies-grid__content h3 {\r\n            margin: 0 0 12px;\r\n            font-size: clamp(22px, 1.4vw, 24px);\r\n            line-height: 1.1;\r\n            font-weight: 400;\r\n            letter-spacing: 0.06em;\r\n            text-transform: uppercase;\r\n            color: #fff;\r\n        }\r\n\r\n        #case-studies-grid-9200 .case-studies-grid__content p {\r\n            margin: 0;\r\n            font-size: 20px;\r\n            line-height: 1.45;\r\n            color: #747474;\r\n        }\r\n\r\n        #case-studies-grid-9200 .case-studies-grid__link:hover .case-studies-grid__image,\r\n        #case-studies-grid-9200 .case-studies-grid__link:focus .case-studies-grid__image {\r\n            transform: scale(1.03);\r\n        }\r\n\r\n        #case-studies-grid-9200 .case-studies-grid__footer {\r\n            display: flex;\r\n            justify-content: center;\r\n            margin-top: 34px;\r\n        }\r\n\r\n        #case-studies-grid-9200 .case-studies-grid__load-more {\r\n            appearance: none;\r\n            border: 1px solid rgba(255,255,255,0.22);\r\n            background: transparent;\r\n            color: #fff;\r\n            padding: 16px 28px;\r\n            font-size: 15px;\r\n            line-height: 1;\r\n            font-weight: 400;\r\n            letter-spacing: 0.06em;\r\n            text-transform: uppercase;\r\n            cursor: pointer;\r\n            transition:\r\n                background 0.25s ease,\r\n                border-color 0.25s ease,\r\n                color 0.25s ease,\r\n                opacity 0.25s ease;\r\n        }\r\n\r\n        #case-studies-grid-9200 .case-studies-grid__load-more:hover,\r\n        #case-studies-grid-9200 .case-studies-grid__load-more:focus {\r\n            background: #ff7a2d;\r\n            border-color: #ff7a2d;\r\n            color: #fff;\r\n        }\r\n\r\n        #case-studies-grid-9200 .case-studies-grid__load-more.is-hidden {\r\n            display: none;\r\n        }\r\n\r\n        @media (max-width: 1024px) {\r\n            #case-studies-grid-9200 .case-studies-grid__list {\r\n                grid-template-columns: repeat(2, minmax(0, 1fr));\r\n            }\r\n\r\n            #case-studies-grid-9200 .case-studies-grid__link {\r\n                height: 560px;\r\n            }\r\n\r\n            #case-studies-grid-9200 .case-studies-grid__content {\r\n                min-height: 160px;\r\n            }\r\n\r\n            #case-studies-grid-9200 .case-studies-grid__content p {\r\n                font-size: 16px;\r\n            }\r\n        }\r\n\r\n        @media (max-width: 767px) {\r\n            #case-studies-grid-9200 .case-studies-grid__list {\r\n                grid-template-columns: 1fr;\r\n                gap: 16px;\r\n            }\r\n\r\n            #case-studies-grid-9200 .case-studies-grid__link {\r\n                height: 420px;\r\n            }\r\n\r\n            #case-studies-grid-9200 .case-studies-grid__content {\r\n                left: 18px;\r\n                right: 18px;\r\n                bottom: 18px;\r\n                min-height: 120px;\r\n            }\r\n\r\n            #case-studies-grid-9200 .case-studies-grid__content h3 {\r\n                font-size: 20px;\r\n            }\r\n\r\n            #case-studies-grid-9200 .case-studies-grid__content p {\r\n                font-size: 14px;\r\n            }\r\n\r\n            #case-studies-grid-9200 .case-studies-grid__load-more {\r\n                width: 100%;\r\n                justify-content: center;\r\n            }\r\n        }\r\n    <\/style>\r\n\r\n    <script>\r\n        document.addEventListener('DOMContentLoaded', function () {\r\n            const root = document.getElementById('case-studies-grid-9200');\r\n            if (!root) return;\r\n\r\n            const list = root.querySelector('.case-studies-grid__list');\r\n            const button = root.querySelector('.case-studies-grid__load-more');\r\n            if (!list || !button) return;\r\n\r\n            const hiddenItems = () => Array.from(list.querySelectorAll('.case-studies-grid__item.is-hidden'));\r\n\r\n            button.addEventListener('click', function () {\r\n                const itemsToShow = hiddenItems().slice(0, 9);\r\n\r\n                itemsToShow.forEach(function (item) {\r\n                    item.classList.remove('is-hidden');\r\n                });\r\n\r\n                if (hiddenItems().length === 0) {\r\n                    button.classList.add('is-hidden');\r\n                    button.setAttribute('aria-expanded', 'true');\r\n                }\r\n            });\r\n        });\r\n    <\/script>\r\n    <\/div>\n\t\t\t\t\t\t<\/div>\n\t\t\t\t\t<\/div>\n\t\t\t\t<\/div>\n\t\t\t\t<\/div>\n\t\t","protected":false},"excerpt":{"rendered":"<p>Case studies &#8211; scenariusze naszych wypraw Zaprojektujmy wyjazd marze\u0144<\/p>\n","protected":false},"author":1,"featured_media":0,"parent":0,"menu_order":0,"comment_status":"closed","ping_status":"closed","template":"","meta":{"_acf_changed":false,"footnotes":""},"class_list":["post-51","page","type-page","status-publish","hentry"],"acf":[],"_links":{"self":[{"href":"https:\/\/dev.pracownia-przygod.pl\/index.php?rest_route=\/wp\/v2\/pages\/51","targetHints":{"allow":["GET"]}}],"collection":[{"href":"https:\/\/dev.pracownia-przygod.pl\/index.php?rest_route=\/wp\/v2\/pages"}],"about":[{"href":"https:\/\/dev.pracownia-przygod.pl\/index.php?rest_route=\/wp\/v2\/types\/page"}],"author":[{"embeddable":true,"href":"https:\/\/dev.pracownia-przygod.pl\/index.php?rest_route=\/wp\/v2\/users\/1"}],"replies":[{"embeddable":true,"href":"https:\/\/dev.pracownia-przygod.pl\/index.php?rest_route=%2Fwp%2Fv2%2Fcomments&post=51"}],"version-history":[{"count":19,"href":"https:\/\/dev.pracownia-przygod.pl\/index.php?rest_route=\/wp\/v2\/pages\/51\/revisions"}],"predecessor-version":[{"id":575,"href":"https:\/\/dev.pracownia-przygod.pl\/index.php?rest_route=\/wp\/v2\/pages\/51\/revisions\/575"}],"wp:attachment":[{"href":"https:\/\/dev.pracownia-przygod.pl\/index.php?rest_route=%2Fwp%2Fv2%2Fmedia&parent=51"}],"curies":[{"name":"wp","href":"https:\/\/api.w.org\/{rel}","templated":true}]}}