{"id":55,"date":"2026-04-11T07:00:12","date_gmt":"2026-04-11T07:00:12","guid":{"rendered":"https:\/\/dev.pracownia-przygod.pl\/?page_id=55"},"modified":"2026-04-12T12:14:44","modified_gmt":"2026-04-12T12:14:44","slug":"blog","status":"publish","type":"page","link":"https:\/\/dev.pracownia-przygod.pl\/?page_id=55","title":{"rendered":"Blog"},"content":{"rendered":"\t\t<div data-elementor-type=\"wp-page\" data-elementor-id=\"55\" class=\"elementor elementor-55\">\n\t\t\t\t<div class=\"elementor-element elementor-element-15391de e-flex e-con-boxed e-con e-parent\" data-id=\"15391de\" data-element_type=\"container\" data-e-type=\"container\" data-settings=\"{&quot;background_background&quot;:&quot;classic&quot;}\">\n\t\t\t\t\t<div class=\"e-con-inner\">\n\t\t\t\t<div class=\"elementor-element elementor-element-a30759d elementor-widget elementor-widget-heading\" data-id=\"a30759d\" data-element_type=\"widget\" data-e-type=\"widget\" data-widget_type=\"heading.default\">\n\t\t\t\t\t<h2 class=\"elementor-heading-title elementor-size-default\">Zainspiruj si\u0119<br>\nwpisy blogowe<\/h2>\t\t\t\t<\/div>\n\t\t\t\t\t<\/div>\n\t\t\t\t<\/div>\n\t\t<div class=\"elementor-element elementor-element-9450247 e-flex e-con-boxed e-con e-parent\" data-id=\"9450247\" data-element_type=\"container\" data-e-type=\"container\" data-settings=\"{&quot;background_background&quot;:&quot;classic&quot;}\">\n\t\t\t\t\t<div class=\"e-con-inner\">\n\t\t\t\t<div class=\"elementor-element elementor-element-78191db elementor-widget elementor-widget-shortcode\" data-id=\"78191db\" data-element_type=\"widget\" data-e-type=\"widget\" data-widget_type=\"shortcode.default\">\n\t\t\t\t\t\t\t<div class=\"elementor-shortcode\">        <div class=\"kc-post-grid\">\r\n            \r\n                \r\n                <article class=\"kc-post-card\">\r\n                    <a href=\"https:\/\/dev.pracownia-przygod.pl\/?p=241\" class=\"kc-post-card__link\">\r\n                        <div class=\"kc-post-card__thumb\">\r\n                                                            <img fetchpriority=\"high\" decoding=\"async\" width=\"470\" height=\"965\" src=\"https:\/\/dev.pracownia-przygod.pl\/wp-content\/uploads\/2026\/04\/post-example-image.webp\" class=\"attachment-large size-large wp-post-image\" alt=\"\" srcset=\"https:\/\/dev.pracownia-przygod.pl\/wp-content\/uploads\/2026\/04\/post-example-image.webp 470w, https:\/\/dev.pracownia-przygod.pl\/wp-content\/uploads\/2026\/04\/post-example-image-146x300.webp 146w\" sizes=\"(max-width: 470px) 100vw, 470px\" \/>                                                    <\/div>\r\n\r\n                        <div class=\"kc-post-card__content\">\r\n                            <h3 class=\"kc-post-card__title\">Incentive travel dla firm - co naprawd\u0119 buduje lojalno\u015b\u0107 zespo\u0142u?\u00a0<\/h3>\r\n                            <div class=\"kc-post-card__date\">11.04.2026<\/div>\r\n                        <\/div>\r\n                    <\/a>\r\n                <\/article>\r\n\r\n            \r\n                \r\n                <article class=\"kc-post-card\">\r\n                    <a href=\"https:\/\/dev.pracownia-przygod.pl\/?p=239\" class=\"kc-post-card__link\">\r\n                        <div class=\"kc-post-card__thumb\">\r\n                                                            <img fetchpriority=\"high\" decoding=\"async\" width=\"470\" height=\"965\" src=\"https:\/\/dev.pracownia-przygod.pl\/wp-content\/uploads\/2026\/04\/post-example-image.webp\" class=\"attachment-large size-large wp-post-image\" alt=\"\" srcset=\"https:\/\/dev.pracownia-przygod.pl\/wp-content\/uploads\/2026\/04\/post-example-image.webp 470w, https:\/\/dev.pracownia-przygod.pl\/wp-content\/uploads\/2026\/04\/post-example-image-146x300.webp 146w\" sizes=\"(max-width: 470px) 100vw, 470px\" \/>                                                    <\/div>\r\n\r\n                        <div class=\"kc-post-card__content\">\r\n                            <h3 class=\"kc-post-card__title\">Dlaczego wyjazdy motywacyjne s\u0105 skuteczniejsze ni\u017c premie finansowe?\u00a0<\/h3>\r\n                            <div class=\"kc-post-card__date\">11.04.2026<\/div>\r\n                        <\/div>\r\n                    <\/a>\r\n                <\/article>\r\n\r\n            \r\n                \r\n                <article class=\"kc-post-card\">\r\n                    <a href=\"https:\/\/dev.pracownia-przygod.pl\/?p=235\" class=\"kc-post-card__link\">\r\n                        <div class=\"kc-post-card__thumb\">\r\n                                                            <img fetchpriority=\"high\" decoding=\"async\" width=\"470\" height=\"965\" src=\"https:\/\/dev.pracownia-przygod.pl\/wp-content\/uploads\/2026\/04\/post-example-image.webp\" class=\"attachment-large size-large wp-post-image\" alt=\"\" srcset=\"https:\/\/dev.pracownia-przygod.pl\/wp-content\/uploads\/2026\/04\/post-example-image.webp 470w, https:\/\/dev.pracownia-przygod.pl\/wp-content\/uploads\/2026\/04\/post-example-image-146x300.webp 146w\" sizes=\"(max-width: 470px) 100vw, 470px\" \/>                                                    <\/div>\r\n\r\n                        <div class=\"kc-post-card__content\">\r\n                            <h3 class=\"kc-post-card__title\">Wyjazdy incentive jako narz\u0119dzie zwi\u0119kszania sprzeda\u017cy - jak dzia\u0142aj\u0105 w praktyce?\u00a0<\/h3>\r\n                            <div class=\"kc-post-card__date\">11.04.2026<\/div>\r\n                        <\/div>\r\n                    <\/a>\r\n                <\/article>\r\n\r\n                    <\/div>\r\n\r\n        <style>\r\n            .kc-post-grid {\r\n                display: grid;\r\n                grid-template-columns: repeat(3, minmax(0, 1fr));\r\n                gap: 36px 24px;\r\n            }\r\n\r\n            .kc-post-card__link {\r\n                display: block;\r\n                text-decoration: none;\r\n                color: #fff;\r\n            }\r\n\r\n            .kc-post-card__thumb {\r\n                aspect-ratio: 1 \/ 1;\r\n                overflow: hidden;\r\n                background: #111;\r\n            }\r\n\r\n            .kc-post-card__thumb img,\r\n            .kc-post-card__placeholder {\r\n                width: 100%;\r\n                height: 100%;\r\n                display: block;\r\n                object-fit: cover;\r\n            }\r\n\r\n            .kc-post-card__placeholder {\r\n                background: linear-gradient(135deg, #1a1a1a, #2a2a2a);\r\n            }\r\n\r\n            .kc-post-card__content {\r\n                padding-top: 14px;\r\n            }\r\n\r\n            .kc-post-card__title {\r\n                margin: 0 0 14px;\r\n                font-size: 24px;\r\n                line-height: 1.25;\r\n                font-weight: 400;\r\n                color: #fff;\r\n            }\r\n\r\n            .kc-post-card__date {\r\n                font-size: 12px;\r\n                color: #bfbfbf;\r\n            }\r\n\r\n            @media (max-width: 1024px) {\r\n                .kc-post-grid {\r\n                    grid-template-columns: repeat(2, minmax(0, 1fr));\r\n                }\r\n            }\r\n\r\n            @media (max-width: 767px) {\r\n                .kc-post-grid {\r\n                    grid-template-columns: 1fr;\r\n                }\r\n\r\n                .kc-post-card__title {\r\n                    font-size: 18px;\r\n                }\r\n            }\r\n        <\/style>\r\n        <\/div>\n\t\t\t\t\t\t<\/div>\n\t\t\t\t\t<\/div>\n\t\t\t\t<\/div>\n\t\t\t\t<\/div>\n\t\t","protected":false},"excerpt":{"rendered":"<p>Zainspiruj si\u0119 wpisy blogowe<\/p>\n","protected":false},"author":1,"featured_media":0,"parent":0,"menu_order":0,"comment_status":"closed","ping_status":"closed","template":"","meta":{"_acf_changed":false,"footnotes":""},"class_list":["post-55","page","type-page","status-publish","hentry"],"acf":[],"_links":{"self":[{"href":"https:\/\/dev.pracownia-przygod.pl\/index.php?rest_route=\/wp\/v2\/pages\/55","targetHints":{"allow":["GET"]}}],"collection":[{"href":"https:\/\/dev.pracownia-przygod.pl\/index.php?rest_route=\/wp\/v2\/pages"}],"about":[{"href":"https:\/\/dev.pracownia-przygod.pl\/index.php?rest_route=\/wp\/v2\/types\/page"}],"author":[{"embeddable":true,"href":"https:\/\/dev.pracownia-przygod.pl\/index.php?rest_route=\/wp\/v2\/users\/1"}],"replies":[{"embeddable":true,"href":"https:\/\/dev.pracownia-przygod.pl\/index.php?rest_route=%2Fwp%2Fv2%2Fcomments&post=55"}],"version-history":[{"count":16,"href":"https:\/\/dev.pracownia-przygod.pl\/index.php?rest_route=\/wp\/v2\/pages\/55\/revisions"}],"predecessor-version":[{"id":662,"href":"https:\/\/dev.pracownia-przygod.pl\/index.php?rest_route=\/wp\/v2\/pages\/55\/revisions\/662"}],"wp:attachment":[{"href":"https:\/\/dev.pracownia-przygod.pl\/index.php?rest_route=%2Fwp%2Fv2%2Fmedia&parent=55"}],"curies":[{"name":"wp","href":"https:\/\/api.w.org\/{rel}","templated":true}]}}