{"id":57,"date":"2026-04-11T07:00:19","date_gmt":"2026-04-11T07:00:19","guid":{"rendered":"https:\/\/dev.pracownia-przygod.pl\/?page_id=57"},"modified":"2026-04-12T12:51:56","modified_gmt":"2026-04-12T12:51:56","slug":"kontakt","status":"publish","type":"page","link":"https:\/\/dev.pracownia-przygod.pl\/?page_id=57","title":{"rendered":"Kontakt"},"content":{"rendered":"\t\t<div data-elementor-type=\"wp-page\" data-elementor-id=\"57\" class=\"elementor elementor-57\">\n\t\t\t\t<div class=\"elementor-element elementor-element-a4b4aa2 e-flex e-con-boxed e-con e-parent\" data-id=\"a4b4aa2\" data-element_type=\"container\" data-e-type=\"container\" data-settings=\"{&quot;background_background&quot;:&quot;classic&quot;}\">\n\t\t\t\t\t<div class=\"e-con-inner\">\n\t\t\t\t<div class=\"elementor-element elementor-element-1540a43 elementor-widget__width-initial elementor-widget elementor-widget-heading\" data-id=\"1540a43\" data-element_type=\"widget\" data-e-type=\"widget\" data-widget_type=\"heading.default\">\n\t\t\t\t\t<h2 class=\"elementor-heading-title elementor-size-default\">Porozmawiajmy o wyje\u017adzie incentive dla twojej firmy<\/h2>\t\t\t\t<\/div>\n\t\t\t\t<div class=\"elementor-element elementor-element-c114e33 elementor-widget__width-initial elementor-widget elementor-widget-text-editor\" data-id=\"c114e33\" data-element_type=\"widget\" data-e-type=\"widget\" data-widget_type=\"text-editor.default\">\n\t\t\t\t\t\t\t\t\t<p>Skontaktuj si\u0119 z nami, aby om\u00f3wi\u0107 cele, grup\u0119 uczestnik\u00f3w i za\u0142o\u017cenia projektu. Na tej podstawie zaprojektujemy wyjazd, kt\u00f3ry b\u0119dzie realnym narz\u0119dziem motywacyjnym i sprzeda\u017cowym.<\/p>\t\t\t\t\t\t\t\t<\/div>\n\t\t\t\t\t<\/div>\n\t\t\t\t<\/div>\n\t\t<div class=\"elementor-element elementor-element-6b92bb9 e-flex e-con-boxed e-con e-parent\" data-id=\"6b92bb9\" data-element_type=\"container\" data-e-type=\"container\">\n\t\t\t\t\t<div class=\"e-con-inner\">\n\t\t<div class=\"elementor-element elementor-element-289fa70 e-con-full e-flex e-con e-child\" data-id=\"289fa70\" data-element_type=\"container\" data-e-type=\"container\">\n\t\t\t\t<div class=\"elementor-element elementor-element-3efc071 elementor-widget__width-initial elementor-widget elementor-widget-heading\" data-id=\"3efc071\" data-element_type=\"widget\" data-e-type=\"widget\" data-widget_type=\"heading.default\">\n\t\t\t\t\t<h2 class=\"elementor-heading-title elementor-size-default\">Porozmawiajmy o Twoim projekcie incentive<\/h2>\t\t\t\t<\/div>\n\t\t\t\t<div class=\"elementor-element elementor-element-f3b55d0 elementor-widget__width-initial elementor-widget elementor-widget-text-editor\" data-id=\"f3b55d0\" data-element_type=\"widget\" data-e-type=\"widget\" data-widget_type=\"text-editor.default\">\n\t\t\t\t\t\t\t\t\t<p>Skontaktuj si\u0119 z nami i opowiedz, jaki efekt chcesz osi\u0105gn\u0105\u0107. Na podstawie Twoich za\u0142o\u017ce\u0144 zaproponujemy kierunki, scenariusz i rozwi\u0105zania dopasowane do Twojej firmy oraz uczestnik\u00f3w.<\/p><p>Podczas konsultacji przeprowadzimy Ci\u0119 przez ca\u0142y proces \u2013 od koncepcji po realizacj\u0119 \u2013 tak, aby projekt by\u0142 sp\u00f3jny, bezpieczny i skuteczny.<\/p>\t\t\t\t\t\t\t\t<\/div>\n\t\t\t\t<\/div>\n\t\t<div class=\"elementor-element elementor-element-dbcf6dd e-con-full e-flex e-con e-child\" data-id=\"dbcf6dd\" data-element_type=\"container\" data-e-type=\"container\">\n\t\t<div class=\"elementor-element elementor-element-daee4aa e-con-full e-flex e-con e-child\" data-id=\"daee4aa\" data-element_type=\"container\" data-e-type=\"container\">\n\t\t\t\t<div class=\"elementor-element elementor-element-af07de7 elementor-widget elementor-widget-image\" data-id=\"af07de7\" data-element_type=\"widget\" data-e-type=\"widget\" data-widget_type=\"image.default\">\n\t\t\t\t\t\t\t\t\t\t\t\t\t\t\t<img fetchpriority=\"high\" decoding=\"async\" width=\"513\" height=\"668\" src=\"https:\/\/dev.pracownia-przygod.pl\/wp-content\/uploads\/2026\/04\/placeholder-example.png\" class=\"attachment-large size-large wp-image-694\" alt=\"\" srcset=\"https:\/\/dev.pracownia-przygod.pl\/wp-content\/uploads\/2026\/04\/placeholder-example.png 513w, https:\/\/dev.pracownia-przygod.pl\/wp-content\/uploads\/2026\/04\/placeholder-example-230x300.png 230w\" sizes=\"(max-width: 513px) 100vw, 513px\" \/>\t\t\t\t\t\t\t\t\t\t\t\t\t\t\t<\/div>\n\t\t<div class=\"elementor-element elementor-element-070617b e-con-full e-flex e-con e-child\" data-id=\"070617b\" data-element_type=\"container\" data-e-type=\"container\">\n\t\t<div class=\"elementor-element elementor-element-ba5afec e-con-full e-flex e-con e-child\" data-id=\"ba5afec\" data-element_type=\"container\" data-e-type=\"container\">\n\t\t\t\t<div class=\"elementor-element elementor-element-bafb26d elementor-widget elementor-widget-heading\" data-id=\"bafb26d\" data-element_type=\"widget\" data-e-type=\"widget\" data-widget_type=\"heading.default\">\n\t\t\t\t\t<h3 class=\"elementor-heading-title elementor-size-default\">Paulina kalinowska<\/h3>\t\t\t\t<\/div>\n\t\t\t\t<div class=\"elementor-element elementor-element-081cf06 elementor-widget elementor-widget-heading\" data-id=\"081cf06\" data-element_type=\"widget\" data-e-type=\"widget\" data-widget_type=\"heading.default\">\n\t\t\t\t\t<p class=\"elementor-heading-title elementor-size-default\">Prezes Zarz\u0105du<\/p>\t\t\t\t<\/div>\n\t\t\t\t<\/div>\n\t\t<div class=\"elementor-element elementor-element-e4d9b01 e-con-full e-flex e-con e-child\" data-id=\"e4d9b01\" data-element_type=\"container\" data-e-type=\"container\">\n\t\t\t\t<div class=\"elementor-element elementor-element-df96400 elementor-widget elementor-widget-heading\" data-id=\"df96400\" data-element_type=\"widget\" data-e-type=\"widget\" data-widget_type=\"heading.default\">\n\t\t\t\t\t<p class=\"elementor-heading-title elementor-size-default\"><a href=\"tel:+48600499935\">+48 600 499 935<\/a><\/p>\t\t\t\t<\/div>\n\t\t\t\t<div class=\"elementor-element elementor-element-a7078ef elementor-widget elementor-widget-heading\" data-id=\"a7078ef\" data-element_type=\"widget\" data-e-type=\"widget\" data-widget_type=\"heading.default\">\n\t\t\t\t\t<p class=\"elementor-heading-title elementor-size-default\"><a href=\"mailto:paulina@pracownia-przygod.pl\">paulina@pracownia-przygod.pl<\/a><\/p>\t\t\t\t<\/div>\n\t\t\t\t<\/div>\n\t\t\t\t<\/div>\n\t\t\t\t<\/div>\n\t\t<div class=\"elementor-element elementor-element-d909eff e-con-full e-flex e-con e-child\" data-id=\"d909eff\" data-element_type=\"container\" data-e-type=\"container\">\n\t\t\t\t<div class=\"elementor-element elementor-element-233404a elementor-widget elementor-widget-heading\" data-id=\"233404a\" data-element_type=\"widget\" data-e-type=\"widget\" data-widget_type=\"heading.default\">\n\t\t\t\t\t<h3 class=\"elementor-heading-title elementor-size-default\">Formularz kontaktowy<\/h3>\t\t\t\t<\/div>\n\t\t\t\t<div class=\"elementor-element elementor-element-8285da1 elementor-widget__width-initial elementor-widget elementor-widget-shortcode\" data-id=\"8285da1\" data-element_type=\"widget\" data-e-type=\"widget\" data-widget_type=\"shortcode.default\">\n\t\t\t\t\t\t\t<div class=\"elementor-shortcode\"><div class=\"forminator-ui forminator-custom-form forminator-custom-form-672 forminator-design--default  forminator_ajax\" data-forminator-render=\"0\" data-form=\"forminator-module-672\" data-uid=\"69e21fe74dc72\"><br\/><\/div><form\n\t\t\t\tid=\"forminator-module-672\"\n\t\t\t\tclass=\"forminator-ui forminator-custom-form forminator-custom-form-672 forminator-design--default  forminator_ajax\"\n\t\t\t\tmethod=\"post\"\n\t\t\t\tdata-forminator-render=\"0\"\n\t\t\t\tdata-form-id=\"672\"\n\t\t\t\t data-color-option=\"theme\" data-design=\"default\" data-grid=\"open\" style=\"display: none;\"\n\t\t\t\tdata-uid=\"69e21fe74dc72\"\n\t\t\t><div role=\"alert\" aria-live=\"polite\" class=\"forminator-response-message forminator-error\" aria-hidden=\"true\"><\/div><div class=\"forminator-row\"><div id=\"name-1\" class=\"forminator-field-name forminator-col forminator-col-6 \"><div class=\"forminator-field\"><label for=\"forminator-field-name-1_69e21fe74dc72\" id=\"forminator-field-name-1_69e21fe74dc72-label\" class=\"forminator-label\">Imi\u0119<\/label><input type=\"text\" name=\"name-1\" value=\"\" placeholder=\"\" id=\"forminator-field-name-1_69e21fe74dc72\" class=\"forminator-input forminator-name--field\" aria-required=\"false\" autocomplete=\"name\" \/><\/div><\/div><div id=\"name-2\" class=\"forminator-field-name forminator-col forminator-col-6 \"><div class=\"forminator-field\"><label for=\"forminator-field-name-2_69e21fe74dc72\" id=\"forminator-field-name-2_69e21fe74dc72-label\" class=\"forminator-label\">Nazwisko<\/label><input type=\"text\" name=\"name-2\" value=\"\" placeholder=\"\" id=\"forminator-field-name-2_69e21fe74dc72\" class=\"forminator-input forminator-name--field\" aria-required=\"false\" autocomplete=\"name\" \/><\/div><\/div><\/div><div class=\"forminator-row\"><div id=\"name-3\" class=\"forminator-field-name forminator-col forminator-col-6 \"><div class=\"forminator-field\"><label for=\"forminator-field-name-3_69e21fe74dc72\" id=\"forminator-field-name-3_69e21fe74dc72-label\" class=\"forminator-label\">Firma<\/label><input type=\"text\" name=\"name-3\" value=\"\" placeholder=\"\" id=\"forminator-field-name-3_69e21fe74dc72\" class=\"forminator-input forminator-name--field\" aria-required=\"false\" autocomplete=\"name\" \/><\/div><\/div><div id=\"phone-1\" class=\"forminator-field-phone forminator-col forminator-col-6 \"><div class=\"forminator-field\"><label for=\"forminator-field-phone-1_69e21fe74dc72\" id=\"forminator-field-phone-1_69e21fe74dc72-label\" class=\"forminator-label\">Telefon<\/label><input type=\"text\" name=\"phone-1\" value=\"\" placeholder=\"\" id=\"forminator-field-phone-1_69e21fe74dc72\" class=\"forminator-input forminator-field--phone\" data-required=\"\" aria-required=\"false\" autocomplete=\"off\" \/><\/div><\/div><\/div><div class=\"forminator-row\"><div id=\"email-1\" class=\"forminator-field-email forminator-col forminator-col-12 \"><div class=\"forminator-field\"><label for=\"forminator-field-email-1_69e21fe74dc72\" id=\"forminator-field-email-1_69e21fe74dc72-label\" class=\"forminator-label\">E-mail<\/label><input type=\"email\" name=\"email-1\" value=\"\" placeholder=\"\" id=\"forminator-field-email-1_69e21fe74dc72\" class=\"forminator-input forminator-email--field\" data-required=\"\" aria-required=\"false\" autocomplete=\"email\" \/><\/div><\/div><\/div><div class=\"forminator-row\"><div id=\"textarea-2\" class=\"forminator-field-textarea forminator-col forminator-col-12 \"><div class=\"forminator-field\"><label for=\"forminator-field-textarea-2_69e21fe74dc72\" id=\"forminator-field-textarea-2_69e21fe74dc72-label\" class=\"forminator-label\">Wiadomo\u015b\u0107<\/label><textarea name=\"textarea-2\" placeholder=\"\" id=\"forminator-field-textarea-2_69e21fe74dc72\" class=\"forminator-textarea\" rows=\"6\" style=\"min-height:140px;\" ><\/textarea><\/div><\/div><\/div><input type=\"hidden\" name=\"referer_url\" value=\"\" \/><div class=\"forminator-row forminator-row-last\"><div class=\"forminator-col\"><div class=\"forminator-field\"><button class=\"forminator-button forminator-button-submit\">Wy\u015blij formularz kontaktowy<\/button><\/div><\/div><\/div><input type=\"hidden\" id=\"forminator_nonce\" name=\"forminator_nonce\" value=\"57e38cf68d\" \/><input type=\"hidden\" name=\"_wp_http_referer\" value=\"\/index.php?rest_route=%2Fwp%2Fv2%2Fpages%2F57\" \/><input type=\"hidden\" name=\"form_id\" value=\"672\"><input type=\"hidden\" name=\"page_id\" value=\"57\"><input type=\"hidden\" name=\"form_type\" value=\"default\"><input type=\"hidden\" name=\"current_url\" value=\"https:\/\/dev.pracownia-przygod.pl\/?page_id=57\"><input type=\"hidden\" name=\"render_id\" value=\"0\"><input type=\"hidden\" name=\"action\" value=\"forminator_submit_form_custom-forms\"><\/form><\/div>\n\t\t\t\t\t\t<\/div>\n\t\t\t\t<\/div>\n\t\t\t\t<\/div>\n\t\t\t\t\t<\/div>\n\t\t\t\t<\/div>\n\t\t\t\t<\/div>\n\t\t","protected":false},"excerpt":{"rendered":"<p>Porozmawiajmy o wyje\u017adzie incentive dla twojej firmy Skontaktuj si\u0119 z nami, aby om\u00f3wi\u0107 cele, grup\u0119 uczestnik\u00f3w i za\u0142o\u017cenia projektu. Na tej podstawie zaprojektujemy wyjazd, kt\u00f3ry b\u0119dzie realnym narz\u0119dziem motywacyjnym i sprzeda\u017cowym. Porozmawiajmy o Twoim projekcie incentive Skontaktuj si\u0119 z nami i opowiedz, jaki efekt chcesz osi\u0105gn\u0105\u0107. Na podstawie Twoich za\u0142o\u017ce\u0144 zaproponujemy kierunki, scenariusz i rozwi\u0105zania [&hellip;]<\/p>\n","protected":false},"author":1,"featured_media":0,"parent":0,"menu_order":0,"comment_status":"closed","ping_status":"closed","template":"","meta":{"_acf_changed":false,"footnotes":""},"class_list":["post-57","page","type-page","status-publish","hentry"],"acf":[],"_links":{"self":[{"href":"https:\/\/dev.pracownia-przygod.pl\/index.php?rest_route=\/wp\/v2\/pages\/57","targetHints":{"allow":["GET"]}}],"collection":[{"href":"https:\/\/dev.pracownia-przygod.pl\/index.php?rest_route=\/wp\/v2\/pages"}],"about":[{"href":"https:\/\/dev.pracownia-przygod.pl\/index.php?rest_route=\/wp\/v2\/types\/page"}],"author":[{"embeddable":true,"href":"https:\/\/dev.pracownia-przygod.pl\/index.php?rest_route=\/wp\/v2\/users\/1"}],"replies":[{"embeddable":true,"href":"https:\/\/dev.pracownia-przygod.pl\/index.php?rest_route=%2Fwp%2Fv2%2Fcomments&post=57"}],"version-history":[{"count":40,"href":"https:\/\/dev.pracownia-przygod.pl\/index.php?rest_route=\/wp\/v2\/pages\/57\/revisions"}],"predecessor-version":[{"id":714,"href":"https:\/\/dev.pracownia-przygod.pl\/index.php?rest_route=\/wp\/v2\/pages\/57\/revisions\/714"}],"wp:attachment":[{"href":"https:\/\/dev.pracownia-przygod.pl\/index.php?rest_route=%2Fwp%2Fv2%2Fmedia&parent=57"}],"curies":[{"name":"wp","href":"https:\/\/api.w.org\/{rel}","templated":true}]}}